{"id":8554,"date":"2025-08-21T14:06:13","date_gmt":"2025-08-21T14:06:13","guid":{"rendered":"https:\/\/www.pergapack.com\/?page_id=8554"},"modified":"2025-09-10T14:16:21","modified_gmt":"2025-09-10T14:16:21","slug":"pp-cam-cuval","status":"publish","type":"page","link":"https:\/\/www.pergapack.com\/en\/pp-cam-cuval\/","title":{"rendered":"PP Glass Bag"},"content":{"rendered":"<div class=\"wpb-content-wrapper\"><div class=\"vc_row wpb_row vc_row-fluid\"><div class=\"wpb_column vc_column_container vc_col-sm-2\"><div class=\"vc_column-inner\"><div class=\"wpb_wrapper\">\n\t<div class=\"wpb_text_column wpb_content_element\" >\n\t\t<div class=\"wpb_wrapper\">\n\t\t\t<p><a href=\"https:\/\/www.pergapack.com\/en\/pp-standart-cuval\/\">PP Standard Bag<\/a><\/p>\n<p><a href=\"https:\/\/www.pergapack.com\/en\/pp-lamineli-cuval\/\">PP Laminated Sack<\/a><\/p>\n<p><a href=\"https:\/\/www.pergapack.com\/en\/pp-block-bottom\/\">PP Block Bottom<\/a><\/p>\n<p><a href=\"https:\/\/www.pergapack.com\/en\/ppbopp-cuval\/\">PP + BOPP Bag<\/a><\/p>\n<p><a href=\"https:\/\/www.pergapack.com\/en\/ppkraft-cuval\/\">PP + Kraft Bag<\/a><\/p>\n<p><a href=\"https:\/\/www.pergapack.com\/en\/pp-tussing-cuval\/\">PP Tubbing Sack<\/a><\/p>\n<p><a href=\"https:\/\/www.pergapack.com\/en\/pp-file-cuval\/\">PP Net Bag<\/a><\/p>\n<p><a href=\"https:\/\/www.pergapack.com\/en\/pp-cam-cuval\/\">PP Glass Bag<\/a><\/p>\n<p><a href=\"https:\/\/www.pergapack.com\/en\/pp-haral-cuval\/\">PP Haral \u00c7uval<\/a><\/p>\n\n\t\t<\/div>\n\t<\/div>\n<\/div><\/div><\/div><div class=\"wpb_column vc_column_container vc_col-sm-6\"><div class=\"vc_column-inner\"><div class=\"wpb_wrapper\">\n\t<div class=\"wpb_text_column wpb_content_element\" >\n\t\t<div class=\"wpb_wrapper\">\n\t\t\t<h3><span style=\"color: #800080;\">PP GLASS BAG<\/span><\/h3>\n<p><span style=\"color: #000000;\">Glass Sack is the most suitable and economical packaging product for many agricultural products in terms of its carrying capacity, cost and durability.<\/span><\/p>\n<p><span style=\"color: #000000;\">Our transparent sacks are used in the packaging of agricultural products with their raw material composition and special weaving structure.<\/span><\/p>\n<p><span style=\"color: #000000;\">Thanks to its transparent feature, it allows visual inspection of the products inside.<\/span><\/p>\n<p><span style=\"color: #000000;\">Our sacks are heavily preferred in the agricultural sector.<\/span><\/p>\n<p><span style=\"color: #000000;\"><strong>Areas of use<\/strong><\/span><br \/>\n<span style=\"color: #000000;\">Potato-Red Cabbage-Eggplant-Plum-Radish-Green Olive-Almond-Bean-Pepper-Pea etc.<\/span><br \/>\n<span style=\"color: #000000;\"><strong><br \/>\nFeatures<\/strong><\/span><br \/>\n<span style=\"color: #000000;\">Sacks can be produced in widths of 25-85 cm.<\/span><br \/>\n<span style=\"color: #000000;\">The mouth is overlocked or hot cut.<\/span><br \/>\n<span style=\"color: #000000;\">It is packaged in bales of 1000 pieces and the bales are packaged in special PP cases.<\/span><br \/>\n<span style=\"color: #000000;\">It has UV protection.<\/span><\/p>\n\n\t\t<\/div>\n\t<\/div>\n<\/div><\/div><\/div><div class=\"wpb_column vc_column_container vc_col-sm-4\"><div class=\"vc_column-inner\"><div class=\"wpb_wrapper\">\n\t<div  class=\"wpb_single_image wpb_content_element vc_align_center wpb_content_element\">\n\t\t\n\t\t<figure class=\"wpb_wrapper vc_figure\">\n\t\t\t<div class=\"vc_single_image-wrapper vc_box_shadow_3d  vc_box_border_grey\"><img loading=\"lazy\" decoding=\"async\" width=\"1024\" height=\"683\" src=\"https:\/\/www.pergapack.com\/wp-content\/uploads\/2025\/08\/dd-cuval-grubu-1024x683.jpg\" class=\"vc_single_image-img attachment-large\" alt=\"\" title=\"dd-sack-group\" srcset=\"https:\/\/www.pergapack.com\/wp-content\/uploads\/2025\/08\/dd-cuval-grubu-1024x683.jpg 1024w, https:\/\/www.pergapack.com\/wp-content\/uploads\/2025\/08\/dd-cuval-grubu-300x200.jpg 300w, https:\/\/www.pergapack.com\/wp-content\/uploads\/2025\/08\/dd-cuval-grubu-768x512.jpg 768w, https:\/\/www.pergapack.com\/wp-content\/uploads\/2025\/08\/dd-cuval-grubu-1536x1024.jpg 1536w, https:\/\/www.pergapack.com\/wp-content\/uploads\/2025\/08\/dd-cuval-grubu-2048x1365.jpg 2048w, https:\/\/www.pergapack.com\/wp-content\/uploads\/2025\/08\/dd-cuval-grubu-800x533.jpg 800w\" sizes=\"auto, (max-width: 1024px) 100vw, 1024px\" \/><\/div>\n\t\t<\/figure>\n\t<\/div>\n\n\t<div  class=\"wpb_single_image wpb_content_element vc_align_center wpb_content_element\">\n\t\t\n\t\t<figure class=\"wpb_wrapper vc_figure\">\n\t\t\t<div class=\"vc_single_image-wrapper vc_box_shadow_3d  vc_box_border_grey\"><img loading=\"lazy\" decoding=\"async\" width=\"700\" height=\"583\" src=\"https:\/\/www.pergapack.com\/wp-content\/uploads\/2025\/08\/cam-cuval.jpg\" class=\"vc_single_image-img attachment-large\" alt=\"\" title=\"glass-sack\" srcset=\"https:\/\/www.pergapack.com\/wp-content\/uploads\/2025\/08\/cam-cuval.jpg 700w, https:\/\/www.pergapack.com\/wp-content\/uploads\/2025\/08\/cam-cuval-300x250.jpg 300w\" sizes=\"auto, (max-width: 700px) 100vw, 700px\" \/><\/div>\n\t\t<\/figure>\n\t<\/div>\n<\/div><\/div><\/div><\/div>\n<\/div>","protected":false},"excerpt":{"rendered":"PP Standart \u00c7uval PP Lamineli \u00c7uval PP Block Bottom PP + BOPP \u00c7uval PP + Kraft \u00c7uval PP Tubbing \u00c7uval [...]","protected":false},"author":1,"featured_media":8247,"parent":0,"menu_order":0,"comment_status":"closed","ping_status":"closed","template":"","meta":{"footnotes":""},"class_list":["post-8554","page","type-page","status-publish","has-post-thumbnail","hentry"],"_links":{"self":[{"href":"https:\/\/www.pergapack.com\/en\/wp-json\/wp\/v2\/pages\/8554","targetHints":{"allow":["GET"]}}],"collection":[{"href":"https:\/\/www.pergapack.com\/en\/wp-json\/wp\/v2\/pages"}],"about":[{"href":"https:\/\/www.pergapack.com\/en\/wp-json\/wp\/v2\/types\/page"}],"author":[{"embeddable":true,"href":"https:\/\/www.pergapack.com\/en\/wp-json\/wp\/v2\/users\/1"}],"replies":[{"embeddable":true,"href":"https:\/\/www.pergapack.com\/en\/wp-json\/wp\/v2\/comments?post=8554"}],"version-history":[{"count":0,"href":"https:\/\/www.pergapack.com\/en\/wp-json\/wp\/v2\/pages\/8554\/revisions"}],"wp:featuredmedia":[{"embeddable":true,"href":"https:\/\/www.pergapack.com\/en\/wp-json\/wp\/v2\/media\/8247"}],"wp:attachment":[{"href":"https:\/\/www.pergapack.com\/en\/wp-json\/wp\/v2\/media?parent=8554"}],"curies":[{"name":"wp","href":"https:\/\/api.w.org\/{rel}","templated":true}]}}