{"id":8552,"date":"2025-08-21T14:05:42","date_gmt":"2025-08-21T14:05:42","guid":{"rendered":"https:\/\/www.pergapack.com\/?page_id=8552"},"modified":"2025-09-10T14:15:43","modified_gmt":"2025-09-10T14:15:43","slug":"pp-file-cuval","status":"publish","type":"page","link":"https:\/\/www.pergapack.com\/en\/pp-file-cuval\/","title":{"rendered":"PP Net Bag"},"content":{"rendered":"<div class=\"wpb-content-wrapper\"><div class=\"vc_row wpb_row vc_row-fluid\"><div class=\"wpb_column vc_column_container vc_col-sm-2\"><div class=\"vc_column-inner\"><div class=\"wpb_wrapper\">\n\t<div class=\"wpb_text_column wpb_content_element\" >\n\t\t<div class=\"wpb_wrapper\">\n\t\t\t<p><a href=\"https:\/\/www.pergapack.com\/en\/pp-standart-cuval\/\">PP Standard Bag<\/a><\/p>\n<p><a href=\"https:\/\/www.pergapack.com\/en\/pp-lamineli-cuval\/\">PP Laminated Sack<\/a><\/p>\n<p><a href=\"https:\/\/www.pergapack.com\/en\/pp-block-bottom\/\">PP Block Bottom<\/a><\/p>\n<p><a href=\"https:\/\/www.pergapack.com\/en\/ppbopp-cuval\/\">PP + BOPP Bag<\/a><\/p>\n<p><a href=\"https:\/\/www.pergapack.com\/en\/ppkraft-cuval\/\">PP + Kraft Bag<\/a><\/p>\n<p><a href=\"https:\/\/www.pergapack.com\/en\/pp-tussing-cuval\/\">PP Tubbing Sack<\/a><\/p>\n<p><a href=\"https:\/\/www.pergapack.com\/en\/pp-file-cuval\/\">PP Net Bag<\/a><\/p>\n<p><a href=\"https:\/\/www.pergapack.com\/en\/pp-cam-cuval\/\">PP Glass Bag<\/a><\/p>\n<p><a href=\"https:\/\/www.pergapack.com\/en\/pp-haral-cuval\/\">PP Haral \u00c7uval<\/a><\/p>\n\n\t\t<\/div>\n\t<\/div>\n<\/div><\/div><\/div><div class=\"wpb_column vc_column_container vc_col-sm-6\"><div class=\"vc_column-inner\"><div class=\"wpb_wrapper\">\n\t<div class=\"wpb_text_column wpb_content_element\" >\n\t\t<div class=\"wpb_wrapper\">\n\t\t\t<h3><span style=\"color: #800080;\">PP NET BAG<\/span><\/h3>\n<p><span style=\"color: #000000;\">Mesh bags are mostly used for packaging potatoes, onions, peppers, leeks, cabbage, citrus fruits, as well as seafood such as mussels.<\/span><\/p>\n<p><span style=\"color: #000000;\">Its most important feature is that it does not cause the product inside to rot because it is formed with large holes.<\/span><\/p>\n<p><span style=\"color: #000000;\">Production can be done in minimum 25 widths and above.<\/span><br \/>\n<span style=\"color: #000000;\">Production can be done in the desired color.<\/span><br \/>\n<span style=\"color: #000000;\">It is packaged in bales of 1000 pieces.<\/span><\/p>\n\n\t\t<\/div>\n\t<\/div>\n\n\t<div  class=\"wpb_single_image wpb_content_element vc_align_center wpb_content_element\">\n\t\t\n\t\t<figure class=\"wpb_wrapper vc_figure\">\n\t\t\t<div class=\"vc_single_image-wrapper vc_box_shadow_3d  vc_box_border_grey\"><img loading=\"lazy\" decoding=\"async\" width=\"560\" height=\"380\" src=\"https:\/\/www.pergapack.com\/wp-content\/uploads\/2025\/08\/small-rasel-file-cuval-1.jpg\" class=\"vc_single_image-img attachment-large\" alt=\"\" title=\"small-rasel-file-cuval-1\" srcset=\"https:\/\/www.pergapack.com\/wp-content\/uploads\/2025\/08\/small-rasel-file-cuval-1.jpg 560w, https:\/\/www.pergapack.com\/wp-content\/uploads\/2025\/08\/small-rasel-file-cuval-1-300x204.jpg 300w\" sizes=\"auto, (max-width: 560px) 100vw, 560px\" \/><\/div>\n\t\t<\/figure>\n\t<\/div>\n<\/div><\/div><\/div><div class=\"wpb_column vc_column_container vc_col-sm-4\"><div class=\"vc_column-inner\"><div class=\"wpb_wrapper\">\n\t<div  class=\"wpb_single_image wpb_content_element vc_align_center wpb_content_element\">\n\t\t\n\t\t<figure class=\"wpb_wrapper vc_figure\">\n\t\t\t<div class=\"vc_single_image-wrapper vc_box_shadow_3d  vc_box_border_grey\"><img loading=\"lazy\" decoding=\"async\" width=\"1024\" height=\"683\" src=\"https:\/\/www.pergapack.com\/wp-content\/uploads\/2025\/08\/file-grubu-1024x683.jpg\" class=\"vc_single_image-img attachment-large\" alt=\"\" title=\"file-group\" srcset=\"https:\/\/www.pergapack.com\/wp-content\/uploads\/2025\/08\/file-grubu-1024x683.jpg 1024w, https:\/\/www.pergapack.com\/wp-content\/uploads\/2025\/08\/file-grubu-300x200.jpg 300w, https:\/\/www.pergapack.com\/wp-content\/uploads\/2025\/08\/file-grubu-768x512.jpg 768w, https:\/\/www.pergapack.com\/wp-content\/uploads\/2025\/08\/file-grubu-1536x1024.jpg 1536w, https:\/\/www.pergapack.com\/wp-content\/uploads\/2025\/08\/file-grubu-2048x1365.jpg 2048w, https:\/\/www.pergapack.com\/wp-content\/uploads\/2025\/08\/file-grubu-800x533.jpg 800w\" sizes=\"auto, (max-width: 1024px) 100vw, 1024px\" \/><\/div>\n\t\t<\/figure>\n\t<\/div>\n\n\t<div  class=\"wpb_single_image wpb_content_element vc_align_center wpb_content_element\">\n\t\t\n\t\t<figure class=\"wpb_wrapper vc_figure\">\n\t\t\t<div class=\"vc_single_image-wrapper vc_box_shadow_3d  vc_box_border_grey\"><img loading=\"lazy\" decoding=\"async\" width=\"1024\" height=\"769\" src=\"https:\/\/www.pergapack.com\/wp-content\/uploads\/2025\/08\/IMG_20210802_110044-1024x769.jpg\" class=\"vc_single_image-img attachment-large\" alt=\"\" title=\"IMG_20210802_110044\" srcset=\"https:\/\/www.pergapack.com\/wp-content\/uploads\/2025\/08\/IMG_20210802_110044-1024x769.jpg 1024w, https:\/\/www.pergapack.com\/wp-content\/uploads\/2025\/08\/IMG_20210802_110044-300x225.jpg 300w, https:\/\/www.pergapack.com\/wp-content\/uploads\/2025\/08\/IMG_20210802_110044-768x577.jpg 768w, https:\/\/www.pergapack.com\/wp-content\/uploads\/2025\/08\/IMG_20210802_110044-800x601.jpg 800w, https:\/\/www.pergapack.com\/wp-content\/uploads\/2025\/08\/IMG_20210802_110044.jpg 1500w\" sizes=\"auto, (max-width: 1024px) 100vw, 1024px\" \/><\/div>\n\t\t<\/figure>\n\t<\/div>\n<\/div><\/div><\/div><\/div>\n<\/div>","protected":false},"excerpt":{"rendered":"PP Standart \u00c7uval PP Lamineli \u00c7uval PP Block Bottom PP + BOPP \u00c7uval PP + Kraft \u00c7uval PP Tubbing \u00c7uval [...]","protected":false},"author":1,"featured_media":8247,"parent":0,"menu_order":0,"comment_status":"closed","ping_status":"closed","template":"","meta":{"footnotes":""},"class_list":["post-8552","page","type-page","status-publish","has-post-thumbnail","hentry"],"_links":{"self":[{"href":"https:\/\/www.pergapack.com\/en\/wp-json\/wp\/v2\/pages\/8552","targetHints":{"allow":["GET"]}}],"collection":[{"href":"https:\/\/www.pergapack.com\/en\/wp-json\/wp\/v2\/pages"}],"about":[{"href":"https:\/\/www.pergapack.com\/en\/wp-json\/wp\/v2\/types\/page"}],"author":[{"embeddable":true,"href":"https:\/\/www.pergapack.com\/en\/wp-json\/wp\/v2\/users\/1"}],"replies":[{"embeddable":true,"href":"https:\/\/www.pergapack.com\/en\/wp-json\/wp\/v2\/comments?post=8552"}],"version-history":[{"count":0,"href":"https:\/\/www.pergapack.com\/en\/wp-json\/wp\/v2\/pages\/8552\/revisions"}],"wp:featuredmedia":[{"embeddable":true,"href":"https:\/\/www.pergapack.com\/en\/wp-json\/wp\/v2\/media\/8247"}],"wp:attachment":[{"href":"https:\/\/www.pergapack.com\/en\/wp-json\/wp\/v2\/media?parent=8552"}],"curies":[{"name":"wp","href":"https:\/\/api.w.org\/{rel}","templated":true}]}}