{"id":8548,"date":"2025-08-21T14:04:33","date_gmt":"2025-08-21T14:04:33","guid":{"rendered":"https:\/\/www.pergapack.com\/?page_id=8548"},"modified":"2025-09-10T14:14:26","modified_gmt":"2025-09-10T14:14:26","slug":"ppkraft-cuval","status":"publish","type":"page","link":"https:\/\/www.pergapack.com\/en\/ppkraft-cuval\/","title":{"rendered":"PP+Kraft Bag"},"content":{"rendered":"<div class=\"wpb-content-wrapper\"><div class=\"vc_row wpb_row vc_row-fluid\"><div class=\"wpb_column vc_column_container vc_col-sm-2\"><div class=\"vc_column-inner\"><div class=\"wpb_wrapper\">\n\t<div class=\"wpb_text_column wpb_content_element\" >\n\t\t<div class=\"wpb_wrapper\">\n\t\t\t<p><a href=\"https:\/\/www.pergapack.com\/en\/pp-standart-cuval\/\">PP Standard Bag<\/a><\/p>\n<p><a href=\"https:\/\/www.pergapack.com\/en\/pp-lamineli-cuval\/\">PP Laminated Sack<\/a><\/p>\n<p><a href=\"https:\/\/www.pergapack.com\/en\/pp-block-bottom\/\">PP Block Bottom<\/a><\/p>\n<p><a href=\"https:\/\/www.pergapack.com\/en\/ppbopp-cuval\/\">PP + BOPP Bag<\/a><\/p>\n<p><a href=\"https:\/\/www.pergapack.com\/en\/ppkraft-cuval\/\">PP + Kraft Bag<\/a><\/p>\n<p><a href=\"https:\/\/www.pergapack.com\/en\/pp-tussing-cuval\/\">PP Tubbing Sack<\/a><\/p>\n<p><a href=\"https:\/\/www.pergapack.com\/en\/pp-file-cuval\/\">PP Net Bag<\/a><\/p>\n<p><a href=\"https:\/\/www.pergapack.com\/en\/pp-cam-cuval\/\">PP Glass Bag<\/a><\/p>\n<p><a href=\"https:\/\/www.pergapack.com\/en\/pp-haral-cuval\/\">PP Haral \u00c7uval<\/a><\/p>\n\n\t\t<\/div>\n\t<\/div>\n<\/div><\/div><\/div><div class=\"wpb_column vc_column_container vc_col-sm-6\"><div class=\"vc_column-inner\"><div class=\"wpb_wrapper\">\n\t<div class=\"wpb_text_column wpb_content_element\" >\n\t\t<div class=\"wpb_wrapper\">\n\t\t\t<div class=\"wpb_column vc_column_container vc_col-sm-6\">\n<div class=\"vc_column-inner\">\n<div class=\"wpb_wrapper\">\n<div class=\"wpb_text_column wpb_content_element\">\n<div class=\"wpb_wrapper\">\n<h3><span style=\"color: #800080;\">PP + KRAFT BAG<\/span><\/h3>\n<p class=\"tm7\"><span class=\"tm8\" style=\"color: #000000;\">It&#039;s made by applying brown and white paper coating to PP fabric surfaces prepared by woven in standard weights on a high-tech lamination line. While its exterior resembles a paper bag, its interior is made of PP fabric for its durability and strength. Our next-generation PP+ KRAFT bag, expected to attract the attention of many sectors, is produced in our facility to meet the demands of our valued customers.<\/span><\/p>\n<p class=\"tm7\"><span class=\"tm8\" style=\"color: #000000;\">Brown and white Kraft options are available. The base seam is made with single-fold and chain stitch options, and the rim is made with a straight cold cut.<\/span><\/p>\n<p class=\"tm9\"><span class=\"tm8\" style=\"color: #000000;\">We also have printed manufacturing and bellows options available upon request.<\/span><\/p>\n<\/div>\n<\/div>\n<\/div>\n<\/div>\n<\/div>\n\n\t\t<\/div>\n\t<\/div>\n<\/div><\/div><\/div><div class=\"wpb_column vc_column_container vc_col-sm-4\"><div class=\"vc_column-inner\"><div class=\"wpb_wrapper\">\n\t<div  class=\"wpb_single_image wpb_content_element vc_align_center wpb_content_element\">\n\t\t\n\t\t<figure class=\"wpb_wrapper vc_figure\">\n\t\t\t<div class=\"vc_single_image-wrapper vc_box_shadow_3d  vc_box_border_grey\"><img loading=\"lazy\" decoding=\"async\" width=\"550\" height=\"550\" src=\"https:\/\/www.pergapack.com\/wp-content\/uploads\/2025\/08\/kraft_cuval.jpg\" class=\"vc_single_image-img attachment-large\" alt=\"\" title=\"kraft_cuval\" srcset=\"https:\/\/www.pergapack.com\/wp-content\/uploads\/2025\/08\/kraft_cuval.jpg 550w, https:\/\/www.pergapack.com\/wp-content\/uploads\/2025\/08\/kraft_cuval-300x300.jpg 300w, https:\/\/www.pergapack.com\/wp-content\/uploads\/2025\/08\/kraft_cuval-150x150.jpg 150w, https:\/\/www.pergapack.com\/wp-content\/uploads\/2025\/08\/kraft_cuval-320x320.jpg 320w\" sizes=\"auto, (max-width: 550px) 100vw, 550px\" \/><\/div>\n\t\t<\/figure>\n\t<\/div>\n<\/div><\/div><\/div><\/div>\n<\/div>","protected":false},"excerpt":{"rendered":"PP Standart \u00c7uval PP Lamineli \u00c7uval PP Block Bottom PP + BOPP \u00c7uval PP + Kraft \u00c7uval PP Tubbing \u00c7uval [...]","protected":false},"author":1,"featured_media":8247,"parent":0,"menu_order":0,"comment_status":"closed","ping_status":"closed","template":"","meta":{"footnotes":""},"class_list":["post-8548","page","type-page","status-publish","has-post-thumbnail","hentry"],"_links":{"self":[{"href":"https:\/\/www.pergapack.com\/en\/wp-json\/wp\/v2\/pages\/8548","targetHints":{"allow":["GET"]}}],"collection":[{"href":"https:\/\/www.pergapack.com\/en\/wp-json\/wp\/v2\/pages"}],"about":[{"href":"https:\/\/www.pergapack.com\/en\/wp-json\/wp\/v2\/types\/page"}],"author":[{"embeddable":true,"href":"https:\/\/www.pergapack.com\/en\/wp-json\/wp\/v2\/users\/1"}],"replies":[{"embeddable":true,"href":"https:\/\/www.pergapack.com\/en\/wp-json\/wp\/v2\/comments?post=8548"}],"version-history":[{"count":0,"href":"https:\/\/www.pergapack.com\/en\/wp-json\/wp\/v2\/pages\/8548\/revisions"}],"wp:featuredmedia":[{"embeddable":true,"href":"https:\/\/www.pergapack.com\/en\/wp-json\/wp\/v2\/media\/8247"}],"wp:attachment":[{"href":"https:\/\/www.pergapack.com\/en\/wp-json\/wp\/v2\/media?parent=8548"}],"curies":[{"name":"wp","href":"https:\/\/api.w.org\/{rel}","templated":true}]}}