{"id":8546,"date":"2025-08-21T14:03:49","date_gmt":"2025-08-21T14:03:49","guid":{"rendered":"https:\/\/www.pergapack.com\/?page_id=8546"},"modified":"2025-09-10T14:13:51","modified_gmt":"2025-09-10T14:13:51","slug":"ppbopp-cuval","status":"publish","type":"page","link":"https:\/\/www.pergapack.com\/en\/ppbopp-cuval\/","title":{"rendered":"PP+BOPP Bag"},"content":{"rendered":"<div class=\"wpb-content-wrapper\"><div class=\"vc_row wpb_row vc_row-fluid\"><div class=\"wpb_column vc_column_container vc_col-sm-2\"><div class=\"vc_column-inner\"><div class=\"wpb_wrapper\">\n\t<div class=\"wpb_text_column wpb_content_element\" >\n\t\t<div class=\"wpb_wrapper\">\n\t\t\t<p><a href=\"https:\/\/www.pergapack.com\/en\/pp-standart-cuval\/\">PP Standard Bag<\/a><\/p>\n<p><a href=\"https:\/\/www.pergapack.com\/en\/pp-lamineli-cuval\/\">PP Laminated Sack<\/a><\/p>\n<p><a href=\"https:\/\/www.pergapack.com\/en\/pp-block-bottom\/\">PP Block Bottom<\/a><\/p>\n<p><a href=\"https:\/\/www.pergapack.com\/en\/ppbopp-cuval\/\">PP + BOPP Bag<\/a><\/p>\n<p><a href=\"https:\/\/www.pergapack.com\/en\/ppkraft-cuval\/\">PP + Kraft Bag<\/a><\/p>\n<p><a href=\"https:\/\/www.pergapack.com\/en\/pp-tussing-cuval\/\">PP Tubbing Sack<\/a><\/p>\n<p><a href=\"https:\/\/www.pergapack.com\/en\/pp-file-cuval\/\">PP Net Bag<\/a><\/p>\n<p><a href=\"https:\/\/www.pergapack.com\/en\/pp-cam-cuval\/\">PP Glass Bag<\/a><\/p>\n<p><a href=\"https:\/\/www.pergapack.com\/en\/pp-haral-cuval\/\">PP Haral \u00c7uval<\/a><\/p>\n\n\t\t<\/div>\n\t<\/div>\n<\/div><\/div><\/div><div class=\"wpb_column vc_column_container vc_col-sm-6\"><div class=\"vc_column-inner\"><div class=\"wpb_wrapper\">\n\t<div class=\"wpb_text_column wpb_content_element\" >\n\t\t<div class=\"wpb_wrapper\">\n\t\t\t<h3><span style=\"color: #800080;\">PP + BOPP BAG<\/span><\/h3>\n<p><span style=\"color: #000000;\">Visual artwork prepared by the agency, in accordance with customer requests, is printed on OPP film sheets. These film layers are then coated by us in our lamination line onto PP SYNTHETIC BAGS of the required dimensions and standards.<\/span><\/p>\n<p><span style=\"color: #000000;\">BOPP Film sheets are in high demand in many sectors due to their ability to print in multiple colors and even pictures.<\/span><\/p>\n<p><span style=\"color: #000000;\">Single or double-sided OPP film coating can be done upon request.<\/span><\/p>\n<p><span style=\"color: #000000;\">The most important feature of BOPP Sacks is that they have all moisture and water proof properties thanks to their special OPP layer coated on synthetic sacks.<\/span><\/p>\n<p><span style=\"color: #000000;\">Production can be carried out with the same specifications as standard sacks, in terms of width, length, and weight. The base can also be standard or block bottom.<\/span><\/p>\n<p><span style=\"color: #000000;\">** BOPP CAN BE COATED ON BOTH BLOCK BASE WORKS AND BASES.<\/span><\/p>\n\n\t\t<\/div>\n\t<\/div>\n<\/div><\/div><\/div><div class=\"wpb_column vc_column_container vc_col-sm-4\"><div class=\"vc_column-inner\"><div class=\"wpb_wrapper\">\n\t<div  class=\"wpb_single_image wpb_content_element vc_align_center wpb_content_element\">\n\t\t\n\t\t<figure class=\"wpb_wrapper vc_figure\">\n\t\t\t<div class=\"vc_single_image-wrapper vc_box_shadow_3d  vc_box_border_grey\"><img loading=\"lazy\" decoding=\"async\" width=\"1024\" height=\"1024\" src=\"https:\/\/www.pergapack.com\/wp-content\/uploads\/2025\/08\/tubbing-1024x1024-1.jpg\" class=\"vc_single_image-img attachment-large\" alt=\"\" title=\"tubbing-1024x1024\" srcset=\"https:\/\/www.pergapack.com\/wp-content\/uploads\/2025\/08\/tubbing-1024x1024-1.jpg 1024w, https:\/\/www.pergapack.com\/wp-content\/uploads\/2025\/08\/tubbing-1024x1024-1-300x300.jpg 300w, https:\/\/www.pergapack.com\/wp-content\/uploads\/2025\/08\/tubbing-1024x1024-1-150x150.jpg 150w, https:\/\/www.pergapack.com\/wp-content\/uploads\/2025\/08\/tubbing-1024x1024-1-768x768.jpg 768w, https:\/\/www.pergapack.com\/wp-content\/uploads\/2025\/08\/tubbing-1024x1024-1-320x320.jpg 320w, https:\/\/www.pergapack.com\/wp-content\/uploads\/2025\/08\/tubbing-1024x1024-1-800x800.jpg 800w\" sizes=\"auto, (max-width: 1024px) 100vw, 1024px\" \/><\/div>\n\t\t<\/figure>\n\t<\/div>\n<\/div><\/div><\/div><\/div>\n<\/div>","protected":false},"excerpt":{"rendered":"PP Standart \u00c7uval PP Lamineli \u00c7uval PP Block Bottom PP + BOPP \u00c7uval PP + Kraft \u00c7uval PP Tubbing \u00c7uval [...]","protected":false},"author":1,"featured_media":8247,"parent":0,"menu_order":0,"comment_status":"closed","ping_status":"closed","template":"","meta":{"footnotes":""},"class_list":["post-8546","page","type-page","status-publish","has-post-thumbnail","hentry"],"_links":{"self":[{"href":"https:\/\/www.pergapack.com\/en\/wp-json\/wp\/v2\/pages\/8546","targetHints":{"allow":["GET"]}}],"collection":[{"href":"https:\/\/www.pergapack.com\/en\/wp-json\/wp\/v2\/pages"}],"about":[{"href":"https:\/\/www.pergapack.com\/en\/wp-json\/wp\/v2\/types\/page"}],"author":[{"embeddable":true,"href":"https:\/\/www.pergapack.com\/en\/wp-json\/wp\/v2\/users\/1"}],"replies":[{"embeddable":true,"href":"https:\/\/www.pergapack.com\/en\/wp-json\/wp\/v2\/comments?post=8546"}],"version-history":[{"count":0,"href":"https:\/\/www.pergapack.com\/en\/wp-json\/wp\/v2\/pages\/8546\/revisions"}],"wp:featuredmedia":[{"embeddable":true,"href":"https:\/\/www.pergapack.com\/en\/wp-json\/wp\/v2\/media\/8247"}],"wp:attachment":[{"href":"https:\/\/www.pergapack.com\/en\/wp-json\/wp\/v2\/media?parent=8546"}],"curies":[{"name":"wp","href":"https:\/\/api.w.org\/{rel}","templated":true}]}}