{"id":8544,"date":"2025-08-21T14:03:00","date_gmt":"2025-08-21T14:03:00","guid":{"rendered":"https:\/\/www.pergapack.com\/?page_id=8544"},"modified":"2025-09-10T14:13:26","modified_gmt":"2025-09-10T14:13:26","slug":"pp-block-bottom","status":"publish","type":"page","link":"https:\/\/www.pergapack.com\/en\/pp-block-bottom\/","title":{"rendered":"PP Block Bottom"},"content":{"rendered":"<div class=\"wpb-content-wrapper\"><div class=\"vc_row wpb_row vc_row-fluid\"><div class=\"wpb_column vc_column_container vc_col-sm-1\/5\"><div class=\"vc_column-inner\"><div class=\"wpb_wrapper\">\n\t<div class=\"wpb_text_column wpb_content_element\" >\n\t\t<div class=\"wpb_wrapper\">\n\t\t\t<p><a href=\"https:\/\/www.pergapack.com\/en\/pp-standart-cuval\/\">PP Standard Bag<\/a><\/p>\n<p><a href=\"https:\/\/www.pergapack.com\/en\/pp-lamineli-cuval\/\">PP Laminated Sack<\/a><\/p>\n<p><a href=\"https:\/\/www.pergapack.com\/en\/pp-block-bottom\/\">PP Block Bottom<\/a><\/p>\n<p><a href=\"https:\/\/www.pergapack.com\/en\/ppbopp-cuval\/\">PP + BOPP Bag<\/a><\/p>\n<p><a href=\"https:\/\/www.pergapack.com\/en\/ppkraft-cuval\/\">PP + Kraft Bag<\/a><\/p>\n<p><a href=\"https:\/\/www.pergapack.com\/en\/pp-tussing-cuval\/\">PP Tubbing Sack<\/a><\/p>\n<p><a href=\"https:\/\/www.pergapack.com\/en\/pp-file-cuval\/\">PP Net Bag<\/a><\/p>\n<p><a href=\"https:\/\/www.pergapack.com\/en\/pp-cam-cuval\/\">PP Glass Bag<\/a><\/p>\n<p><a href=\"https:\/\/www.pergapack.com\/en\/pp-haral-cuval\/\">PP Haral \u00c7uval<\/a><\/p>\n\n\t\t<\/div>\n\t<\/div>\n<\/div><\/div><\/div><div class=\"wpb_column vc_column_container vc_col-sm-2\/5\"><div class=\"vc_column-inner\"><div class=\"wpb_wrapper\">\n\t<div class=\"wpb_text_column wpb_content_element\" >\n\t\t<div class=\"wpb_wrapper\">\n\t\t\t<h3><span style=\"color: #800080;\">PP BLOCK BOTTOM VALVE BAG<\/span><\/h3>\n<p><span style=\"color: #000000;\">Block Bottom Sacks, also known as Ad Star Sacks, are generally preferred in the cement and plaster industries. They are frequently used in export shipments due to their neat stacking when placed on pallets. PP valves or PP pocket valves are used at the mouths of the bags to facilitate filling. If desired, UV stabilizers can be added to make the bags sun-resistant.<\/span><\/p>\n<p><span style=\"color: #000000;\">It is generally preferred by companies that perform AUTOMATIC VALVE filling.<\/span><\/p>\n<p><span style=\"color: #000000;\">Its high strength and product filling method prevents any wastage or tearing during filling, loading and transportation.<\/span><\/p>\n<p><span style=\"color: #000000;\">Thanks to its valve, it automatically closes the product mouth after filling.<\/span><\/p>\n<p><span style=\"color: #000000;\">Tiny microperforated holes allow air to escape during filling. This method speeds up filling and prevents material from escaping.<\/span><\/p>\n<p><span style=\"color: #000000;\">The products are shipped on pallets and can be produced in any color desired.<\/span><\/p>\n<p><span style=\"color: #000000;\">BOPP COATING CAN BE MADE IF REQUESTED.<\/span><\/p>\n\n\t\t<\/div>\n\t<\/div>\n<\/div><\/div><\/div><div class=\"wpb_column vc_column_container vc_col-sm-1\/5\"><div class=\"vc_column-inner\"><div class=\"wpb_wrapper\">\n\t<div class=\"wpb_text_column wpb_content_element\" >\n\t\t<div class=\"wpb_wrapper\">\n\t\t\t<h3><span style=\"color: #800080;\">PP BLOCK BOTTOM OPEN MOUTH BAG<\/span><\/h3>\n<p><span style=\"color: #000000;\">These are cold cut block bottom open mouth bags that do not have a valve mouth.<\/span><\/p>\n<p><span style=\"color: #000000;\">Thanks to the block base underneath, it ensures that the bags stand upright and are easy to stack.<\/span><\/p>\n<p><span style=\"color: #000000;\">It is generally used in the pulses, flour, feed, fertilizer chemical and construction chemical sectors.<\/span><\/p>\n<p><span style=\"color: #000000;\">BOPP COATING CAN BE MADE IF REQUESTED.<\/span><\/p>\n\n\t\t<\/div>\n\t<\/div>\n<\/div><\/div><\/div><div class=\"wpb_column vc_column_container vc_col-sm-1\/5\"><div class=\"vc_column-inner\"><div class=\"wpb_wrapper\">\n\t<div  class=\"wpb_single_image wpb_content_element vc_align_left wpb_content_element\">\n\t\t\n\t\t<figure class=\"wpb_wrapper vc_figure\">\n\t\t\t<div class=\"vc_single_image-wrapper   vc_box_border_grey\"><img loading=\"lazy\" decoding=\"async\" width=\"800\" height=\"800\" src=\"https:\/\/www.pergapack.com\/wp-content\/uploads\/2025\/08\/standart_block_bottom_2089.jpg\" class=\"vc_single_image-img attachment-large\" alt=\"\" title=\"standard_block_bottom_2089\" srcset=\"https:\/\/www.pergapack.com\/wp-content\/uploads\/2025\/08\/standart_block_bottom_2089.jpg 800w, https:\/\/www.pergapack.com\/wp-content\/uploads\/2025\/08\/standart_block_bottom_2089-300x300.jpg 300w, https:\/\/www.pergapack.com\/wp-content\/uploads\/2025\/08\/standart_block_bottom_2089-150x150.jpg 150w, https:\/\/www.pergapack.com\/wp-content\/uploads\/2025\/08\/standart_block_bottom_2089-768x768.jpg 768w, https:\/\/www.pergapack.com\/wp-content\/uploads\/2025\/08\/standart_block_bottom_2089-320x320.jpg 320w\" sizes=\"auto, (max-width: 800px) 100vw, 800px\" \/><\/div>\n\t\t<\/figure>\n\t<\/div>\n\n\t<div  class=\"wpb_single_image wpb_content_element vc_align_left wpb_content_element\">\n\t\t\n\t\t<figure class=\"wpb_wrapper vc_figure\">\n\t\t\t<div class=\"vc_single_image-wrapper   vc_box_border_grey\"><img loading=\"lazy\" decoding=\"async\" width=\"150\" height=\"150\" src=\"https:\/\/www.pergapack.com\/wp-content\/uploads\/2025\/08\/tubbing-1024x1024-1-150x150.jpg\" class=\"vc_single_image-img attachment-thumbnail\" alt=\"\" title=\"tubbing-1024x1024\" srcset=\"https:\/\/www.pergapack.com\/wp-content\/uploads\/2025\/08\/tubbing-1024x1024-1-150x150.jpg 150w, https:\/\/www.pergapack.com\/wp-content\/uploads\/2025\/08\/tubbing-1024x1024-1-300x300.jpg 300w, https:\/\/www.pergapack.com\/wp-content\/uploads\/2025\/08\/tubbing-1024x1024-1-768x768.jpg 768w, https:\/\/www.pergapack.com\/wp-content\/uploads\/2025\/08\/tubbing-1024x1024-1-320x320.jpg 320w, https:\/\/www.pergapack.com\/wp-content\/uploads\/2025\/08\/tubbing-1024x1024-1-800x800.jpg 800w, https:\/\/www.pergapack.com\/wp-content\/uploads\/2025\/08\/tubbing-1024x1024-1.jpg 1024w\" sizes=\"auto, (max-width: 150px) 100vw, 150px\" \/><\/div>\n\t\t<\/figure>\n\t<\/div>\n<\/div><\/div><\/div><\/div>\n<\/div>","protected":false},"excerpt":{"rendered":"PP Standart \u00c7uval PP Lamineli \u00c7uval PP Block Bottom PP + BOPP \u00c7uval PP + Kraft \u00c7uval PP Tubbing \u00c7uval [...]","protected":false},"author":1,"featured_media":8247,"parent":0,"menu_order":0,"comment_status":"closed","ping_status":"closed","template":"","meta":{"footnotes":""},"class_list":["post-8544","page","type-page","status-publish","has-post-thumbnail","hentry"],"_links":{"self":[{"href":"https:\/\/www.pergapack.com\/en\/wp-json\/wp\/v2\/pages\/8544","targetHints":{"allow":["GET"]}}],"collection":[{"href":"https:\/\/www.pergapack.com\/en\/wp-json\/wp\/v2\/pages"}],"about":[{"href":"https:\/\/www.pergapack.com\/en\/wp-json\/wp\/v2\/types\/page"}],"author":[{"embeddable":true,"href":"https:\/\/www.pergapack.com\/en\/wp-json\/wp\/v2\/users\/1"}],"replies":[{"embeddable":true,"href":"https:\/\/www.pergapack.com\/en\/wp-json\/wp\/v2\/comments?post=8544"}],"version-history":[{"count":0,"href":"https:\/\/www.pergapack.com\/en\/wp-json\/wp\/v2\/pages\/8544\/revisions"}],"wp:featuredmedia":[{"embeddable":true,"href":"https:\/\/www.pergapack.com\/en\/wp-json\/wp\/v2\/media\/8247"}],"wp:attachment":[{"href":"https:\/\/www.pergapack.com\/en\/wp-json\/wp\/v2\/media?parent=8544"}],"curies":[{"name":"wp","href":"https:\/\/api.w.org\/{rel}","templated":true}]}}