{"id":8542,"date":"2025-08-21T14:02:27","date_gmt":"2025-08-21T14:02:27","guid":{"rendered":"https:\/\/www.pergapack.com\/?page_id=8542"},"modified":"2025-09-10T14:12:57","modified_gmt":"2025-09-10T14:12:57","slug":"pp-lamineli-cuval","status":"publish","type":"page","link":"https:\/\/www.pergapack.com\/en\/pp-lamineli-cuval\/","title":{"rendered":"PP Laminated Sack"},"content":{"rendered":"<div class=\"wpb-content-wrapper\"><div class=\"vc_row wpb_row vc_row-fluid\"><div class=\"wpb_column vc_column_container vc_col-sm-2\"><div class=\"vc_column-inner\"><div class=\"wpb_wrapper\">\n\t<div class=\"wpb_text_column wpb_content_element\" >\n\t\t<div class=\"wpb_wrapper\">\n\t\t\t<p><a href=\"https:\/\/www.pergapack.com\/en\/pp-standart-cuval\/\">PP Standard Bag<\/a><\/p>\n<p><a href=\"https:\/\/www.pergapack.com\/en\/pp-lamineli-cuval\/\">PP Laminated Sack<\/a><\/p>\n<p><a href=\"https:\/\/www.pergapack.com\/en\/pp-block-bottom\/\">PP Block Bottom<\/a><\/p>\n<p><a href=\"https:\/\/www.pergapack.com\/en\/ppbopp-cuval\/\">PP + BOPP Bag<\/a><\/p>\n<p><a href=\"https:\/\/www.pergapack.com\/en\/ppkraft-cuval\/\">PP + Kraft Bag<\/a><\/p>\n<p><a href=\"https:\/\/www.pergapack.com\/en\/pp-tussing-cuval\/\">PP Tubbing Sack<\/a><\/p>\n<p><a href=\"https:\/\/www.pergapack.com\/en\/pp-file-cuval\/\">PP Net Bag<\/a><\/p>\n<p><a href=\"https:\/\/www.pergapack.com\/en\/pp-cam-cuval\/\">PP Glass Bag<\/a><\/p>\n<p><a href=\"https:\/\/www.pergapack.com\/en\/pp-haral-cuval\/\">PP Haral \u00c7uval<\/a><\/p>\n\n\t\t<\/div>\n\t<\/div>\n<\/div><\/div><\/div><div class=\"wpb_column vc_column_container vc_col-sm-6\"><div class=\"vc_column-inner\"><div class=\"wpb_wrapper\">\n\t<div class=\"wpb_text_column wpb_content_element\" >\n\t\t<div class=\"wpb_wrapper\">\n\t\t\t<h3><span style=\"color: #800080;\">PP LAMINATED BAG<\/span><\/h3>\n<p><span style=\"color: #000000;\">It is a laminated version of a PP synthetic bag.<\/span><br \/>\n<span style=\"color: #000000;\">Its most important feature is that it does not cause sifting and dusting in powder products.<\/span><br \/>\n<span style=\"color: #000000;\">It is leak-proof in products such as fertilizers etc.<\/span><br \/>\n<span style=\"color: #000000;\">The products are resistant to moisture and water that may come from outside.<\/span><br \/>\n<span style=\"color: #000000;\">Production can be provided in different colors and sizes.<\/span><br \/>\n<span style=\"color: #000000;\">Optionally, single-sided laminate or double-sided laminate applications can be provided.<\/span><br \/>\n<span style=\"color: #000000;\">Lamination is applied to the sack in the desired length, weight and weaving density.<\/span><\/p>\n<p><span style=\"color: #000000;\">Generally;<\/span><br \/>\n<span style=\"color: #000000;\">\u2013 In the packaging of basic foodstuffs such as sugar, salt, flour,<\/span><br \/>\n<span style=\"color: #000000;\">\u2013 In the packaging of legumes such as rice, bulgur, chickpeas, dry beans, lentils,<\/span><br \/>\n<span style=\"color: #000000;\">\u2013 In the packaging of oily nuts such as corn, hazelnuts, walnuts, peanuts, chestnuts, sunflower seeds, pumpkin seeds,<\/span><br \/>\n<span style=\"color: #000000;\">\u2013 In the packaging of grains such as barley and wheat,<\/span><br \/>\n<span style=\"color: #000000;\">\u2013 In the packaging of vegetables such as green beans, peas, broad beans, kidney beans, peppers, potatoes,<\/span><br \/>\n<span style=\"color: #000000;\">\u2013 In cotton and tobacco packaging,<\/span><br \/>\n<span style=\"color: #000000;\">\u2013 In the packaging of various seeds,<\/span><br \/>\n<span style=\"color: #000000;\">\u2013 Packaging of various fattening feeds and straw,<\/span><br \/>\n<span style=\"color: #000000;\">\u2013 In fertilizer packaging,<\/span><br \/>\n<span style=\"color: #000000;\">\u2013 In the textile industry,<\/span><br \/>\n<span style=\"color: #000000;\">\u2013 Packaging of building materials such as cement, plaster, lime, ceramic adhesive, sand, gravel,<\/span><br \/>\n<span style=\"color: #000000;\">\u2013 It is used in the packaging of products such as various chemical substances in solid, powder and granular form.<\/span><\/p>\n\n\t\t<\/div>\n\t<\/div>\n<\/div><\/div><\/div><div class=\"wpb_column vc_column_container vc_col-sm-4\"><div class=\"vc_column-inner\"><div class=\"wpb_wrapper\">\n\t<div  class=\"wpb_single_image wpb_content_element vc_align_center wpb_content_element\">\n\t\t\n\t\t<figure class=\"wpb_wrapper vc_figure\">\n\t\t\t<div class=\"vc_single_image-wrapper vc_box_shadow_3d  vc_box_border_grey\"><img loading=\"lazy\" decoding=\"async\" width=\"1024\" height=\"768\" src=\"https:\/\/www.pergapack.com\/wp-content\/uploads\/2025\/08\/lamineli_cuval-1024x768.jpg\" class=\"vc_single_image-img attachment-large\" alt=\"\" title=\"laminated_sack\" srcset=\"https:\/\/www.pergapack.com\/wp-content\/uploads\/2025\/08\/lamineli_cuval-1024x768.jpg 1024w, https:\/\/www.pergapack.com\/wp-content\/uploads\/2025\/08\/lamineli_cuval-300x225.jpg 300w, https:\/\/www.pergapack.com\/wp-content\/uploads\/2025\/08\/lamineli_cuval-768x576.jpg 768w, https:\/\/www.pergapack.com\/wp-content\/uploads\/2025\/08\/lamineli_cuval-800x600.jpg 800w, https:\/\/www.pergapack.com\/wp-content\/uploads\/2025\/08\/lamineli_cuval.jpg 1200w\" sizes=\"auto, (max-width: 1024px) 100vw, 1024px\" \/><\/div>\n\t\t<\/figure>\n\t<\/div>\n\n\t<div  class=\"wpb_single_image wpb_content_element vc_align_center wpb_content_element\">\n\t\t\n\t\t<figure class=\"wpb_wrapper vc_figure\">\n\t\t\t<div class=\"vc_single_image-wrapper vc_box_shadow_3d  vc_box_border_grey\"><img loading=\"lazy\" decoding=\"async\" width=\"1024\" height=\"768\" src=\"https:\/\/www.pergapack.com\/wp-content\/uploads\/2025\/08\/lamineli_cuval-1024x768.jpg\" class=\"vc_single_image-img attachment-large\" alt=\"\" title=\"laminated_sack\" srcset=\"https:\/\/www.pergapack.com\/wp-content\/uploads\/2025\/08\/lamineli_cuval-1024x768.jpg 1024w, https:\/\/www.pergapack.com\/wp-content\/uploads\/2025\/08\/lamineli_cuval-300x225.jpg 300w, https:\/\/www.pergapack.com\/wp-content\/uploads\/2025\/08\/lamineli_cuval-768x576.jpg 768w, https:\/\/www.pergapack.com\/wp-content\/uploads\/2025\/08\/lamineli_cuval-800x600.jpg 800w, https:\/\/www.pergapack.com\/wp-content\/uploads\/2025\/08\/lamineli_cuval.jpg 1200w\" sizes=\"auto, (max-width: 1024px) 100vw, 1024px\" \/><\/div>\n\t\t<\/figure>\n\t<\/div>\n<\/div><\/div><\/div><\/div>\n<\/div>","protected":false},"excerpt":{"rendered":"PP Standart \u00c7uval PP Lamineli \u00c7uval PP Block Bottom PP + BOPP \u00c7uval PP + Kraft \u00c7uval PP Tubbing \u00c7uval [...]","protected":false},"author":1,"featured_media":8247,"parent":0,"menu_order":0,"comment_status":"closed","ping_status":"closed","template":"","meta":{"footnotes":""},"class_list":["post-8542","page","type-page","status-publish","has-post-thumbnail","hentry"],"_links":{"self":[{"href":"https:\/\/www.pergapack.com\/en\/wp-json\/wp\/v2\/pages\/8542","targetHints":{"allow":["GET"]}}],"collection":[{"href":"https:\/\/www.pergapack.com\/en\/wp-json\/wp\/v2\/pages"}],"about":[{"href":"https:\/\/www.pergapack.com\/en\/wp-json\/wp\/v2\/types\/page"}],"author":[{"embeddable":true,"href":"https:\/\/www.pergapack.com\/en\/wp-json\/wp\/v2\/users\/1"}],"replies":[{"embeddable":true,"href":"https:\/\/www.pergapack.com\/en\/wp-json\/wp\/v2\/comments?post=8542"}],"version-history":[{"count":0,"href":"https:\/\/www.pergapack.com\/en\/wp-json\/wp\/v2\/pages\/8542\/revisions"}],"wp:featuredmedia":[{"embeddable":true,"href":"https:\/\/www.pergapack.com\/en\/wp-json\/wp\/v2\/media\/8247"}],"wp:attachment":[{"href":"https:\/\/www.pergapack.com\/en\/wp-json\/wp\/v2\/media?parent=8542"}],"curies":[{"name":"wp","href":"https:\/\/api.w.org\/{rel}","templated":true}]}}