{"id":8540,"date":"2025-08-21T14:01:53","date_gmt":"2025-08-21T14:01:53","guid":{"rendered":"https:\/\/www.pergapack.com\/?page_id=8540"},"modified":"2025-09-10T14:12:21","modified_gmt":"2025-09-10T14:12:21","slug":"pp-standart-cuval","status":"publish","type":"page","link":"https:\/\/www.pergapack.com\/en\/pp-standart-cuval\/","title":{"rendered":"PP Standard Bag"},"content":{"rendered":"<div class=\"wpb-content-wrapper\"><div class=\"vc_row wpb_row vc_row-fluid\"><div class=\"wpb_column vc_column_container vc_col-sm-2\"><div class=\"vc_column-inner\"><div class=\"wpb_wrapper\">\n\t<div class=\"wpb_text_column wpb_content_element\" >\n\t\t<div class=\"wpb_wrapper\">\n\t\t\t<p><a href=\"https:\/\/www.pergapack.com\/en\/pp-standart-cuval\/\">PP Standard Bag<\/a><\/p>\n<p><a href=\"https:\/\/www.pergapack.com\/en\/pp-lamineli-cuval\/\"><span style=\"color: #800080;\">PP Laminated Sack<\/span><\/a><\/p>\n<p><span style=\"color: #800080;\"><a style=\"color: #800080;\" href=\"https:\/\/www.pergapack.com\/en\/pp-block-bottom\/\">PP Block Bottom<\/a><\/span><\/p>\n<p><span style=\"color: #800080;\"><a style=\"color: #800080;\" href=\"https:\/\/www.pergapack.com\/en\/ppbopp-cuval\/\">PP + BOPP Bag<\/a><\/span><\/p>\n<p><span style=\"color: #800080;\"><a style=\"color: #800080;\" href=\"https:\/\/www.pergapack.com\/en\/ppkraft-cuval\/\">PP + Kraft Bag<\/a><\/span><\/p>\n<p><span style=\"color: #800080;\"><a style=\"color: #800080;\" href=\"https:\/\/www.pergapack.com\/en\/pp-tussing-cuval\/\">PP Tubbing Sack<\/a><\/span><\/p>\n<p><span style=\"color: #800080;\"><a style=\"color: #800080;\" href=\"https:\/\/www.pergapack.com\/en\/pp-file-cuval\/\">PP Net Bag<\/a><\/span><\/p>\n<p><span style=\"color: #800080;\"><a style=\"color: #800080;\" href=\"https:\/\/www.pergapack.com\/en\/pp-cam-cuval\/\">PP Glass Bag<\/a><\/span><\/p>\n<p><span style=\"color: #800080;\"><a style=\"color: #800080;\" href=\"https:\/\/www.pergapack.com\/en\/pp-haral-cuval\/\">PP Haral \u00c7uval<\/a><\/span><\/p>\n\n\t\t<\/div>\n\t<\/div>\n<\/div><\/div><\/div><div class=\"wpb_column vc_column_container vc_col-sm-6\"><div class=\"vc_column-inner\"><div class=\"wpb_wrapper\">\n\t<div class=\"wpb_text_column wpb_content_element\" >\n\t\t<div class=\"wpb_wrapper\">\n\t\t\t<h3><span style=\"color: #800080;\">PP STANDARD BAG<\/span><\/h3>\n<p><span style=\"color: #000000;\">Polypropylene Sacks are more accurately called PP Bags\/Sacks or PP Woven Bags\/Sacks. PP bags are made using PP woven fabrics in a variety of qualities, patterns, prints, colors, sizes, and capacities.<\/span><\/p>\n<p><span style=\"color: #000000;\">Due to their attractive features, PP bags have rapidly gained popularity in the market and are now widely adopted by various industries. PP bags have become an ideal choice for industrial packaging, where they are widely used for packaging food, textiles, nuts, fertilizers, powders, cement, granulated chemicals, and more.<\/span><\/p>\n<p><span style=\"color: #000000;\">Some of the strong features of PP bags\/sacks are mentioned below:<\/span><\/p>\n<p><span style=\"color: #000000;\">* Provides safe storage by protecting products or items<\/span><br \/>\n<span style=\"color: #000000;\">* Extends shelf life<\/span><br \/>\n<span style=\"color: #000000;\">* Prevents spoilage<\/span><br \/>\n<span style=\"color: #000000;\">* Eco-friendly and pocket-friendly<\/span><br \/>\n<span style=\"color: #000000;\">* %100 yeniden kullan\u0131labilir ve dayan\u0131kl\u0131<\/span><br \/>\n<span style=\"color: #000000;\">* Light and flexible<\/span><br \/>\n<span style=\"color: #000000;\">* Moisture and dust proof<\/span><br \/>\n<span style=\"color: #000000;\">* Easy to clean and antibacterial<\/span><br \/>\n<span style=\"color: #000000;\">* Breathable or waterproof with laminated film<\/span><br \/>\n<span style=\"color: #000000;\">* Can be produced and printed in desired colors<\/span><br \/>\n<span style=\"color: #000000;\">* Can be stored in an open area<\/span><\/p>\n\n\t\t<\/div>\n\t<\/div>\n<\/div><\/div><\/div><div class=\"wpb_column vc_column_container vc_col-sm-4\"><div class=\"vc_column-inner\"><div class=\"wpb_wrapper\">\n\t<div  class=\"wpb_single_image wpb_content_element vc_align_center wpb_content_element\">\n\t\t\n\t\t<figure class=\"wpb_wrapper vc_figure\">\n\t\t\t<div class=\"vc_single_image-wrapper vc_box_shadow_3d  vc_box_border_grey\"><\/div>\n\t\t<\/figure>\n\t<\/div>\n<\/div><\/div><\/div><\/div>\n<\/div>","protected":false},"excerpt":{"rendered":"PP Standart \u00c7uval PP Lamineli \u00c7uval PP Block Bottom PP + BOPP \u00c7uval PP + Kraft \u00c7uval PP Tubbing \u00c7uval [...]","protected":false},"author":1,"featured_media":8247,"parent":0,"menu_order":0,"comment_status":"closed","ping_status":"closed","template":"","meta":{"footnotes":""},"class_list":["post-8540","page","type-page","status-publish","has-post-thumbnail","hentry"],"_links":{"self":[{"href":"https:\/\/www.pergapack.com\/en\/wp-json\/wp\/v2\/pages\/8540","targetHints":{"allow":["GET"]}}],"collection":[{"href":"https:\/\/www.pergapack.com\/en\/wp-json\/wp\/v2\/pages"}],"about":[{"href":"https:\/\/www.pergapack.com\/en\/wp-json\/wp\/v2\/types\/page"}],"author":[{"embeddable":true,"href":"https:\/\/www.pergapack.com\/en\/wp-json\/wp\/v2\/users\/1"}],"replies":[{"embeddable":true,"href":"https:\/\/www.pergapack.com\/en\/wp-json\/wp\/v2\/comments?post=8540"}],"version-history":[{"count":0,"href":"https:\/\/www.pergapack.com\/en\/wp-json\/wp\/v2\/pages\/8540\/revisions"}],"wp:featuredmedia":[{"embeddable":true,"href":"https:\/\/www.pergapack.com\/en\/wp-json\/wp\/v2\/media\/8247"}],"wp:attachment":[{"href":"https:\/\/www.pergapack.com\/en\/wp-json\/wp\/v2\/media?parent=8540"}],"curies":[{"name":"wp","href":"https:\/\/api.w.org\/{rel}","templated":true}]}}